{"id":18564,"date":"2017-08-30T21:23:19","date_gmt":"2017-08-30T21:23:19","guid":{"rendered":"http:\/\/cctybearing.com\/qualita\/"},"modified":"2024-06-21T14:20:27","modified_gmt":"2024-06-21T14:20:27","slug":"qualita","status":"publish","type":"page","link":"https:\/\/cctygroup.com\/it\/qualita\/","title":{"rendered":"Qualit\u00e0"},"content":{"rendered":"\n<p>CCTY controlla tutti i principali processi critici coinvolti nella produzione di cuscinetti di alta qualit\u00e0. I nostri standard superano i normali requisiti, con processi che sono esclusivi di CCTY e con il <a href=\"https:\/\/cctygroup.com\/it\/test-in-loco\/\">testing in loco<\/a>.<\/p>\n\n\n\n<p>Ci impegniamo per controllare il processo ad alto livello, un impegno che abbiamo preso per garantire la fiducia e la sicurezza dei nostri clienti.<\/p>\n\n\n\n<p><\/p>\n\n\n<div class=\"gb-container gb-container-ae8d50d7\"><div class=\"gb-inside-container\">\n<div class=\"gb-grid-wrapper gb-grid-wrapper-8e360f5b\">\n<div class=\"gb-grid-column gb-grid-column-7473355e\"><div class=\"gb-container gb-container-7473355e\"><div class=\"gb-inside-container\">\n\n<div style=\"height:37px\" aria-hidden=\"true\" class=\"wp-block-spacer\"><\/div>\n\n\n\n<p>CCTY sceglie come partner affidabili solo le migliori acciaierie. Tramite controlli rigorosi, verifiche casuali e sistematiche e verifiche della qualit\u00e0, CCTY lavorer\u00e0 e firmer\u00e0 accordi solo con i fornitori migliori.<\/p>\n\n\n\n<p>CCTY richiede a tutti i fornitori di materie prime di fornire le certificazioni di qualit\u00e0 per ciascun lotto. Tutti i lotti vengono controllati e convalidati dal nostro reparto addetto al controllo qualit\u00e0. Queste procedure garantiscono che tutti i materiali siano conformi ai rigorosi controlli di qualit\u00e0 di CCTY. Il risultato finale \u00e8 un prodotto di qualit\u00e0 che risponder\u00e0 alle specifiche del cliente.<\/p>\n\n<\/div><\/div><\/div>\n\n<div class=\"gb-grid-column gb-grid-column-aac7d79f\"><div class=\"gb-container gb-container-aac7d79f\"><div class=\"gb-inside-container\">\n\n<h2 class=\"wp-block-heading has-text-align-center\">Materie prime<\/h2>\n\n\n<div class=\"wp-block-image is-style-rounded\">\n<figure class=\"aligncenter size-full\"><img decoding=\"async\" width=\"500\" height=\"334\" src=\"https:\/\/cctygroup.com\/wp-content\/uploads\/2022\/06\/Raw-Steel.jpg\" alt=\"\" class=\"wp-image-27235\"\/><\/figure>\n<\/div>\n<\/div><\/div><\/div>\n<\/div>\n<\/div><\/div>\n\n\n<div style=\"height:18px\" aria-hidden=\"true\" class=\"wp-block-spacer\"><\/div>\n\n\n<div class=\"gb-container gb-container-196d4f9e\"><div class=\"gb-inside-container\">\n<div class=\"gb-grid-wrapper gb-grid-wrapper-00a13cd2\">\n<div class=\"gb-grid-column gb-grid-column-50e8d603\"><div class=\"gb-container gb-container-50e8d603\"><div class=\"gb-inside-container\">\n\n<h2 class=\"wp-block-heading has-text-align-center\">Rettifica<\/h2>\n\n\n\n<figure class=\"wp-block-image size-full is-style-rounded\"><img decoding=\"async\" width=\"248\" height=\"154\" src=\"https:\/\/cctygroup.com\/wp-content\/uploads\/2022\/06\/Grinding.png\" alt=\"\" class=\"wp-image-27229\"\/><\/figure>\n\n<\/div><\/div><\/div>\n\n<div class=\"gb-grid-column gb-grid-column-3c3622a8\"><div class=\"gb-container gb-container-3c3622a8\"><div class=\"gb-inside-container\">\n\n<div style=\"height:50px\" aria-hidden=\"true\" class=\"wp-block-spacer\"><\/div>\n\n\n\n<p>La rettifica \u00e8 un processo importante poich\u00e9 influenza la precisione e la durata di un cuscinetto. CCTY utilizza principalmente rettificatrici CNC, che garantiscono una produzione omogenea. CCTY utilizza anche una moderna stazione di riciclaggio per il liquido di raffreddamento usato nelle nostre linee di produzione. CCTY definisce dei piani di controllo dettagliati e segue rigorose procedure SPC per monitorare e misurare la produzione continuamente.<\/p>\n\n<\/div><\/div><\/div>\n<\/div>\n<\/div><\/div>\n\n\n<div style=\"height:21px\" aria-hidden=\"true\" class=\"wp-block-spacer\"><\/div>\n\n\n<div class=\"gb-container gb-container-49ec9eb2\"><div class=\"gb-inside-container\">\n<div class=\"gb-grid-wrapper gb-grid-wrapper-9711acd1\">\n<div class=\"gb-grid-column gb-grid-column-2a28a094\"><div class=\"gb-container gb-container-2a28a094\"><div class=\"gb-inside-container\">\n\n<div style=\"height:55px\" aria-hidden=\"true\" class=\"wp-block-spacer\"><\/div>\n\n\n\n<p>Il trattamento termico \u00e8 un processo critico per i produttori di cuscinetti. I forni di CCTY sono all&#8217;avanguardia e sono dotati di monitoraggio automatico e sistemi di allarme, sono controllati via computer con raccolta automatica dei dati e utilizzano l&#8217;analisi dei grafici SPC. Tutte queste misure contribuiscono a garantire un processo di trattamento termico controllato e stabile.<\/p>\n\n\n\n<p>CCTY ha la capacit\u00e0 di fornire ai clienti prodotti temprati, con tempra dell&#8217;involucro e tempra per induzione.<\/p>\n\n<\/div><\/div><\/div>\n\n<div class=\"gb-grid-column gb-grid-column-56067159\"><div class=\"gb-container gb-container-56067159\"><div class=\"gb-inside-container\">\n\n<h2 class=\"wp-block-heading has-text-align-center\">Trattamento termico<\/h2>\n\n\n<div class=\"wp-block-image is-style-rounded\">\n<figure class=\"aligncenter size-full\"><img decoding=\"async\" width=\"396\" height=\"245\" src=\"https:\/\/cctygroup.com\/wp-content\/uploads\/2022\/05\/Heat-Treatment-1.png\" alt=\"\" class=\"wp-image-26941\"\/><\/figure>\n<\/div>\n<\/div><\/div><\/div>\n<\/div>\n<\/div><\/div>\n\n\n<div style=\"height:51px\" aria-hidden=\"true\" class=\"wp-block-spacer\"><\/div>\n\n\n<div class=\"gb-container gb-container-9b9ce125\"><div class=\"gb-inside-container\">\n<div class=\"gb-grid-wrapper gb-grid-wrapper-da8acf2f\">\n<div class=\"gb-grid-column gb-grid-column-cc80ad92\"><div class=\"gb-container gb-container-cc80ad92\"><div class=\"gb-inside-container\">\n\n<h2 class=\"wp-block-heading has-text-align-center\">Trattamento superficiale<\/h2>\n\n\n<div class=\"wp-block-image is-style-rounded\">\n<figure class=\"aligncenter size-full\"><img decoding=\"async\" width=\"252\" height=\"161\" src=\"https:\/\/cctygroup.com\/wp-content\/uploads\/2022\/06\/Surface-Treatment.png\" alt=\"\" class=\"wp-image-27221\"\/><\/figure>\n<\/div>\n<\/div><\/div><\/div>\n\n<div class=\"gb-grid-column gb-grid-column-55301d90\"><div class=\"gb-container gb-container-55301d90\"><div class=\"gb-inside-container\">\n\n<p>Analogamente al trattamento termico, il trattamento superficiale \u00e8 un altro processo speciale durante la produzione. CCTY utilizza in produzione linee di trattamento superficiale automatiche, per controllare rigorosamente tutti i parametri di processo (come temperatura e valore PH), controllo online e raccolta dei dati computerizzati e analisi dei grafici SPC che garantiscono un controllo del processo buono e stabile.<\/p>\n\n\n\n<p>Le principali tecniche di trattamento superficiale di CCTY sono l&#8217;ossidazione fosforica e l&#8217;ossido nero.<\/p>\n\n\n\n<p>In base ai requisiti dei clienti, CCTY pu\u00f2 fornire anche altri trattamenti superficiali come cromatura, zincatura, zincatura al cobalto e altro. Tutti i trattamenti sono conformi con gli standard ambientali e con i requisiti dei test in nebbia salina.<\/p>\n\n<\/div><\/div><\/div>\n<\/div>\n<\/div><\/div>\n\n<div class=\"gb-container gb-container-a712120a\"><div class=\"gb-inside-container\">\n<div class=\"gb-grid-wrapper gb-grid-wrapper-89f469c3\">\n<div class=\"gb-grid-column gb-grid-column-4dadeaf7\"><div class=\"gb-container gb-container-4dadeaf7\"><div class=\"gb-inside-container\">\n\n<div style=\"height:43px\" aria-hidden=\"true\" class=\"wp-block-spacer\"><\/div>\n\n\n\n<p>Per i prodotti di alta precisione (ad esempio, cuscinetti a sfere a scanalatura profonda), CCTY utilizza una sala di assemblaggio antipolvere per garantire un ambiente pulito. CCTY utilizza anche apparecchiature di assemblaggio automatizzate per le operazioni di inserimento di sfere e anelli, per mantenere il livello di grasso corretto e sigillare\/inserire gli scudi.<\/p>\n\n<\/div><\/div><\/div>\n\n<div class=\"gb-grid-column gb-grid-column-b249a537\"><div class=\"gb-container gb-container-b249a537\"><div class=\"gb-inside-container\">\n\n<h2 class=\"wp-block-heading has-text-align-center\">Assemblaggio<\/h2>\n\n\n<div class=\"wp-block-image is-style-rounded\">\n<figure class=\"aligncenter size-full\"><img decoding=\"async\" width=\"972\" height=\"568\" src=\"https:\/\/cctygroup.com\/wp-content\/uploads\/2022\/06\/Assembly.jpg\" alt=\"\" class=\"wp-image-27243\" srcset=\"https:\/\/cctygroup.com\/wp-content\/uploads\/2022\/06\/Assembly.jpg 972w, https:\/\/cctygroup.com\/wp-content\/uploads\/2022\/06\/Assembly-800x467.jpg 800w, https:\/\/cctygroup.com\/wp-content\/uploads\/2022\/06\/Assembly-768x449.jpg 768w\" sizes=\"(max-width: 972px) 100vw, 972px\" \/><\/figure>\n<\/div>\n<\/div><\/div><\/div>\n<\/div>\n<\/div><\/div>","protected":false},"excerpt":{"rendered":"<p>CCTY controlla tutti i principali processi critici coinvolti nella produzione di cuscinetti di alta qualit\u00e0. I nostri standard superano i normali requisiti, con processi che sono esclusivi di CCTY e con il testing in loco. Ci impegniamo per controllare il processo ad alto livello, un impegno che abbiamo preso per garantire la fiducia e la &#8230; <\/p>\n<p class=\"read-more-container\"><a title=\"Qualit\u00e0\" class=\"read-more button\" href=\"https:\/\/cctygroup.com\/it\/qualita\/#more-18564\" aria-label=\"Per saperne di pi\u00f9 su Qualit\u00e0\">Leggi tutto<\/a><\/p>\n","protected":false},"author":1,"featured_media":0,"parent":0,"menu_order":0,"comment_status":"closed","ping_status":"closed","template":"","meta":{"_seopress_robots_primary_cat":"","_seopress_titles_title":"","_seopress_titles_desc":"","_seopress_robots_index":"","footnotes":""},"class_list":{"0":"post-18564","1":"page","2":"type-page","3":"status-publish","5":"no-featured-image-padding"},"_links":{"self":[{"href":"https:\/\/cctygroup.com\/it\/wp-json\/wp\/v2\/pages\/18564","targetHints":{"allow":["GET"]}}],"collection":[{"href":"https:\/\/cctygroup.com\/it\/wp-json\/wp\/v2\/pages"}],"about":[{"href":"https:\/\/cctygroup.com\/it\/wp-json\/wp\/v2\/types\/page"}],"author":[{"embeddable":true,"href":"https:\/\/cctygroup.com\/it\/wp-json\/wp\/v2\/users\/1"}],"replies":[{"embeddable":true,"href":"https:\/\/cctygroup.com\/it\/wp-json\/wp\/v2\/comments?post=18564"}],"version-history":[{"count":0,"href":"https:\/\/cctygroup.com\/it\/wp-json\/wp\/v2\/pages\/18564\/revisions"}],"wp:attachment":[{"href":"https:\/\/cctygroup.com\/it\/wp-json\/wp\/v2\/media?parent=18564"}],"curies":[{"name":"wp","href":"https:\/\/api.w.org\/{rel}","templated":true}]}}