{"id":18601,"date":"2017-08-30T21:23:35","date_gmt":"2017-08-30T21:23:35","guid":{"rendered":"http:\/\/cctybearing.com\/cuscinetti-sferici-a-contatto-radiale-formati-autolubrificanti\/"},"modified":"2022-08-29T15:21:02","modified_gmt":"2022-08-29T15:21:02","slug":"cuscinetti-sferici-a-contatto-radiale-formati-autolubrificanti","status":"publish","type":"page","link":"https:\/\/cctygroup.com\/it\/cuscinetti\/cuscinetti-sferici\/cuscinetti-sferici-a-contatto-radiale-formati-autolubrificanti\/","title":{"rendered":"Cuscinetti sferici a contatto radiale formati autolubrificanti"},"content":{"rendered":"\n<p>Tra i vantaggi dei cuscinetti sferici a contatto radiale formati autolubrificanti vi sono la lunga durata di servizio e la capacit\u00e0 di supportare carichi radiali elevati.<\/p>\n\n\n<div class=\"gb-container gb-container-91913bc8\"><div class=\"gb-inside-container\">\n<div class=\"gb-grid-wrapper gb-grid-wrapper-c7f0418c\">\n<div class=\"gb-grid-column gb-grid-column-74819d6b\"><div class=\"gb-container gb-container-74819d6b\"><div class=\"gb-inside-container\">\n\n<h2 class=\"has-text-align-center wp-block-heading\">Dove vengono utilizzati<\/h2>\n\n\n\n<p>Sono utilizzati in applicazioni a bassa velocit\u00e0 con vibrazioni ad alta frequenza e carichi radiali molto elevati dove \u00e8 richiesto che siano autolubrificanti o dove non \u00e8 possibile eseguire la lubrificazione.<\/p>\n\n<\/div><\/div><\/div>\n\n<div class=\"gb-grid-column gb-grid-column-fe542bc8\"><div class=\"gb-container gb-container-fe542bc8\"><div class=\"gb-inside-container\">\n\n<h2 class=\"has-text-align-center wp-block-heading\">Perch\u00e9<\/h2>\n\n\n\n<ul class=\"wp-block-list\"><li>Senza manutenzione e senza sistema di rilubrificazione nell&#8217;alloggiamento o nell&#8217;albero<\/li><li>Supportano carichi radiali molto elevati<\/li><li>Durata di servizio molto lunga<\/li><\/ul>\n\n<\/div><\/div><\/div>\n\n<div class=\"gb-grid-column gb-grid-column-82409edd\"><div class=\"gb-container gb-container-82409edd\"><div class=\"gb-inside-container\">\n\n<h2 class=\"has-text-align-center wp-block-heading\">Caratteristiche<\/h2>\n\n\n\n<ul class=\"wp-block-list\"><li>Superfici di scorrimento metallo su PTFE<\/li><li>Anello interno realizzato in acciaio temprato per cuscinetti a rotolamento<\/li><li>L&#8217;anello esterno \u00e8 formato attorno all&#8217;anello interno e lavorato di precisione<\/li><li>La superficie sferica dell&#8217;anello interno \u00e8 cromata<\/li><li>Tessuto PTFE ad alta resistenza con basso coefficiente di attrito legato alla superficie sferica dell&#8217;anello esterno per la serie COM&#8230;T<\/li><li>Un composito in PTFE multistrato \u00e8 legato alla superficie sferica dell&#8217;anello esterno per la serie COM&#8230;BK.<\/li><li>Possono supportare carichi radiali molto elevati<\/li><li>Funzionamento silenzioso<\/li><li>Sono autoallineanti in tutte le direzioni<\/li><\/ul>\n\n<\/div><\/div><\/div>\n<\/div>\n<\/div><\/div>\n\n\n<p><\/p>\n","protected":false},"excerpt":{"rendered":"<p>Tra i vantaggi dei cuscinetti sferici a contatto radiale formati autolubrificanti vi sono la lunga durata di servizio e la capacit\u00e0 di supportare carichi radiali elevati.<\/p>\n","protected":false},"author":1,"featured_media":0,"parent":18668,"menu_order":0,"comment_status":"closed","ping_status":"closed","template":"","meta":{"_seopress_robots_primary_cat":"","_seopress_titles_title":"","_seopress_titles_desc":"","_seopress_robots_index":"","footnotes":""},"class_list":{"0":"post-18601","1":"page","2":"type-page","3":"status-publish","5":"no-featured-image-padding"},"_links":{"self":[{"href":"https:\/\/cctygroup.com\/it\/wp-json\/wp\/v2\/pages\/18601","targetHints":{"allow":["GET"]}}],"collection":[{"href":"https:\/\/cctygroup.com\/it\/wp-json\/wp\/v2\/pages"}],"about":[{"href":"https:\/\/cctygroup.com\/it\/wp-json\/wp\/v2\/types\/page"}],"author":[{"embeddable":true,"href":"https:\/\/cctygroup.com\/it\/wp-json\/wp\/v2\/users\/1"}],"replies":[{"embeddable":true,"href":"https:\/\/cctygroup.com\/it\/wp-json\/wp\/v2\/comments?post=18601"}],"version-history":[{"count":0,"href":"https:\/\/cctygroup.com\/it\/wp-json\/wp\/v2\/pages\/18601\/revisions"}],"up":[{"embeddable":true,"href":"https:\/\/cctygroup.com\/it\/wp-json\/wp\/v2\/pages\/18668"}],"wp:attachment":[{"href":"https:\/\/cctygroup.com\/it\/wp-json\/wp\/v2\/media?parent=18601"}],"curies":[{"name":"wp","href":"https:\/\/api.w.org\/{rel}","templated":true}]}}