{"id":18654,"date":"2017-08-30T21:26:35","date_gmt":"2017-08-30T21:26:35","guid":{"rendered":"http:\/\/cctybearing.com\/presenza-sui-media\/"},"modified":"2024-06-21T14:29:04","modified_gmt":"2024-06-21T14:29:04","slug":"presenza-sui-media","status":"publish","type":"page","link":"https:\/\/cctygroup.com\/it\/informazioni\/presenza-sui-media\/","title":{"rendered":"Presenza sui media"},"content":{"rendered":"<p>Per contatti stampa sulla produzione o progettazione di cuscinetti o per richiedere un&#8217;intervista, contattare Michelle Comer al numero +1 847-540-8196.<\/p>\n\n\n<p><\/p>\n\n\n\n<h2 class=\"wp-block-heading\">Notizie globali<\/h2>\n\n\n<div class=\"gb-container gb-container-1ef41fab\"><div class=\"gb-inside-container\">\n<div class=\"gb-grid-wrapper gb-grid-wrapper-bb844d81\">\n<div class=\"gb-grid-column gb-grid-column-652fe753\"><div class=\"gb-container gb-container-652fe753\"><div class=\"gb-inside-container\">\n<div class=\"wp-block-image\">\n<figure class=\"aligncenter size-full is-resized\"><img decoding=\"async\" width=\"250\" height=\"250\" src=\"https:\/\/cctygroup.com\/wp-content\/uploads\/2019\/11\/RNN_Full-Compliment_250px.png\" alt=\"planetary gear bearing\" class=\"wp-image-24623\" style=\"width:157px;height:157px\"\/><\/figure>\n<\/div>\n\n\n<p>CCTY sta ampliando la sua linea di prodotti con cuscinetti epicicloidali con la serie RN\/RNN.<\/p>\n\n<\/div><\/div><\/div>\n\n<div class=\"gb-grid-column gb-grid-column-cefe3df4\"><div class=\"gb-container gb-container-cefe3df4\"><div class=\"gb-inside-container\">\n<div class=\"wp-block-image\">\n<figure class=\"aligncenter size-full is-resized\"><img decoding=\"async\" width=\"586\" height=\"854\" src=\"https:\/\/cctygroup.com\/wp-content\/uploads\/2019\/10\/Torque-Converter-from-China-TNSP.jpg\" alt=\"Torque Converter Bushing\" class=\"wp-image-24189\" style=\"width:105px;height:153px\"\/><\/figure>\n<\/div>\n\n\n<p>CCTY ha una gamma completa di boccole automobilistiche per applicazioni che includono convertitori di coppia, ammortizzatori, volani a doppia massa, trasmissioni, sedili e tendicinghia.<\/p>\n\n<\/div><\/div><\/div>\n\n<div class=\"gb-grid-column gb-grid-column-99213b51\"><div class=\"gb-container gb-container-99213b51\"><div class=\"gb-inside-container\">\n<div class=\"wp-block-image\">\n<figure class=\"aligncenter size-full is-resized\"><img decoding=\"async\" width=\"990\" height=\"562\" src=\"https:\/\/cctygroup.com\/wp-content\/uploads\/2018\/08\/Exploded-View-of-SBJ.jpg\" alt=\"u-joint exploded view\" class=\"wp-image-23322\" style=\"width:274px;height:155px\"\/><\/figure>\n<\/div>\n\n\n<p>Una sfera quadrata ha ridisegnato il secolare giunto cardanico. \u00c8 un cuscinetto pi\u00f9 liscio e pi\u00f9 forte. in grado di trasferire la coppia attraverso applicazioni disallineate.<\/p>\n\n<\/div><\/div><\/div>\n<\/div>\n<\/div><\/div>\n\n\n<p class=\"has-text-align-center\"><\/p>\n\n\n\n<p class=\"has-text-align-center\"><\/p>\n\n\n\n<!--more-->\n\n\n\n<p><\/p>\n\n\n<div class=\"wp-block-image\">\n<figure class=\"alignright\"><img decoding=\"async\" width=\"582\" height=\"562\" src=\"https:\/\/cctygroup.com\/wp-content\/uploads\/2019\/11\/press-min.png\" alt=\"\" class=\"wp-image-24915\"\/><\/figure>\n<\/div>\n\n\n<p><\/p>\n\n\n<div class=\"wp-block-image\">\n<figure class=\"alignright\"><img decoding=\"async\" src=\"https:\/\/cctygroup.com\/wp-content\/uploads\/2017\/07\/India-Cover-compressor-e1500486828822.jpg\" alt=\"\" class=\"wp-image-17145\"\/><\/figure>\n<\/div>\n\n\n<p><span style=\"text-decoration: underline;\"><\/span><\/p>\n\n\n\n<p><\/p>\n\n\n\n<p><\/p>\n\n\n<div class=\"gb-container gb-container-36aafd4c\"><div class=\"gb-inside-container\">\n<div class=\"gb-grid-wrapper gb-grid-wrapper-4789a66b\">\n<div class=\"gb-grid-column gb-grid-column-416ec1c1\"><div class=\"gb-container gb-container-416ec1c1\"><div class=\"gb-inside-container\"><\/div><\/div><\/div>\n\n<div class=\"gb-grid-column gb-grid-column-a5c31965\"><div class=\"gb-container gb-container-a5c31965\"><div class=\"gb-inside-container\"><\/div><\/div><\/div>\n\n<div class=\"gb-grid-column gb-grid-column-86fbf292\"><div class=\"gb-container gb-container-86fbf292\"><div class=\"gb-inside-container\"><\/div><\/div><\/div>\n<\/div>\n<\/div><\/div>","protected":false},"excerpt":{"rendered":"<p>Per contatti stampa sulla produzione o progettazione di cuscinetti o per richiedere un&#8217;intervista, contattare Michelle Comer al numero +1 847-540-8196. Notizie globali<\/p>\n","protected":false},"author":1,"featured_media":0,"parent":18557,"menu_order":0,"comment_status":"closed","ping_status":"closed","template":"","meta":{"_seopress_robots_primary_cat":"","_seopress_titles_title":"","_seopress_titles_desc":"","_seopress_robots_index":"","footnotes":""},"class_list":{"0":"post-18654","1":"page","2":"type-page","3":"status-publish","5":"no-featured-image-padding"},"_links":{"self":[{"href":"https:\/\/cctygroup.com\/it\/wp-json\/wp\/v2\/pages\/18654","targetHints":{"allow":["GET"]}}],"collection":[{"href":"https:\/\/cctygroup.com\/it\/wp-json\/wp\/v2\/pages"}],"about":[{"href":"https:\/\/cctygroup.com\/it\/wp-json\/wp\/v2\/types\/page"}],"author":[{"embeddable":true,"href":"https:\/\/cctygroup.com\/it\/wp-json\/wp\/v2\/users\/1"}],"replies":[{"embeddable":true,"href":"https:\/\/cctygroup.com\/it\/wp-json\/wp\/v2\/comments?post=18654"}],"version-history":[{"count":0,"href":"https:\/\/cctygroup.com\/it\/wp-json\/wp\/v2\/pages\/18654\/revisions"}],"up":[{"embeddable":true,"href":"https:\/\/cctygroup.com\/it\/wp-json\/wp\/v2\/pages\/18557"}],"wp:attachment":[{"href":"https:\/\/cctygroup.com\/it\/wp-json\/wp\/v2\/media?parent=18654"}],"curies":[{"name":"wp","href":"https:\/\/api.w.org\/{rel}","templated":true}]}}