{"id":27728,"date":"2022-11-03T19:01:12","date_gmt":"2022-11-03T19:01:12","guid":{"rendered":"https:\/\/cctybearing.com\/tiranti-e-leveraggi\/"},"modified":"2022-11-14T17:04:20","modified_gmt":"2022-11-14T17:04:20","slug":"tie-rod-manufacturer","status":"publish","type":"page","link":"https:\/\/cctygroup.com\/it\/cuscinetti\/tie-rod-manufacturer\/","title":{"rendered":"Tiranti e leveraggi"},"content":{"rendered":"\n<h2 class=\"has-text-align-center wp-block-heading\"><strong><span style=\"font-family: verdana, geneva, sans-serif; font-size: 12pt;\">Tiranti CCTY Bearing Company<\/span><\/strong><\/h2>\n\n\n\n<p><span style=\"font-family: verdana, geneva, sans-serif; font-size: 12pt;\">I nostri tiranti sono realizzati in <a href=\"https:\/\/cctygroup.com\/3-questions-to-ask-a-manufacturer-about-tie-rod-steel\/\">acciaio di alta qualit\u00e0<\/a>; le parti vengono quindi temprate a induzione per fornire prestazioni affidabili. CCTY Bearing Company offre una variet\u00e0 di gruppi interni ed esterni, personalizzati per raggiungere i valori di coppia nominali specificati. Ogni prodotto \u00e8 unico, con un design realizzato per adattarsi alla vostra applicazione.<\/span><\/p>\n\n\n<div class=\"gb-container gb-container-c3decb60\"><div class=\"gb-inside-container\">\n\n<div style=\"height:27px\" aria-hidden=\"true\" class=\"wp-block-spacer\"><\/div>\n\n\n<div class=\"gb-grid-wrapper gb-grid-wrapper-48dcef5f\">\n<div class=\"gb-grid-column gb-grid-column-cba722df\"><div class=\"gb-container gb-container-cba722df\"><div class=\"gb-inside-container\">\n\n<figure class=\"wp-block-image size-full\"><img decoding=\"async\" width=\"700\" height=\"190\" src=\"https:\/\/cctygroup.com\/wp-content\/uploads\/2022\/06\/unique-tie-rods.png\" alt=\"\" class=\"wp-image-27195\"\/><\/figure>\n\n<\/div><\/div><\/div>\n\n<div class=\"gb-grid-column gb-grid-column-be11b6e1\"><div class=\"gb-container gb-container-be11b6e1\"><div class=\"gb-inside-container\">\n\n<h3 class=\"wp-block-heading\"><span style=\"font-family: verdana, geneva, sans-serif;\">Tiranti<\/span><\/h3>\n\n\n\n<p><span style=\"font-family: verdana, geneva, sans-serif; font-size: 12pt;\">Utilizzati nei sistemi di sospensioni, i tiranti sono fondamentali per tutti i veicoli. Chiedete informazioni sui nostri gruppi tiranti interni ed esterni.<\/span><\/p>\n\n<\/div><\/div><\/div>\n<\/div>\n<\/div><\/div>\n\n\n<div style=\"height:27px\" aria-hidden=\"true\" class=\"wp-block-spacer\"><\/div>\n\n\n<div class=\"gb-container gb-container-0a07b0be\"><div class=\"gb-inside-container\">\n\n<div class=\"wp-block-columns is-layout-flex wp-container-core-columns-is-layout-9d6595d7 wp-block-columns-is-layout-flex\">\n<div class=\"wp-block-column is-layout-flow wp-block-column-is-layout-flow\" style=\"flex-basis:100%\"><div class=\"gb-grid-wrapper gb-grid-wrapper-e455c5c4\">\n<div class=\"gb-grid-column gb-grid-column-bff8b5e5\"><div class=\"gb-container gb-container-bff8b5e5\"><div class=\"gb-inside-container\">\n\n<h3 class=\"wp-block-heading\"><span style=\"font-family: verdana, geneva, sans-serif;\">Tiranti per autocarri pesanti<\/span><\/h3>\n\n\n\n<p><span style=\"font-family: verdana, geneva, sans-serif; font-size: 12pt;\">CCTY Bearing Company produce diversi tiranti per macchinari agricoli, attrezzature edili e carrelli da miniera.&nbsp;<\/span><\/p>\n\n<\/div><\/div><\/div>\n\n<div class=\"gb-grid-column gb-grid-column-b3191722\"><div class=\"gb-container gb-container-b3191722\"><div class=\"gb-inside-container\">\n\n<figure class=\"wp-block-image size-full is-resized\"><img decoding=\"async\" src=\"https:\/\/cctygroup.com\/wp-content\/uploads\/2019\/11\/Tie-Rod-Black.png\" alt=\"Tirante nero con gruppo giunto a sfera\" class=\"wp-image-24882\" width=\"240\" height=\"114\"\/><\/figure>\n\n<\/div><\/div><\/div>\n\n<div class=\"gb-grid-column gb-grid-column-dc7f565a\"><div class=\"gb-container gb-container-dc7f565a\"><div class=\"gb-inside-container\">\n\n<figure class=\"wp-block-image size-full is-resized\"><img decoding=\"async\" src=\"https:\/\/cctygroup.com\/wp-content\/uploads\/2016\/01\/P7-8-Tie-rods-13.jpg\" alt=\"\" class=\"wp-image-15544\" width=\"233\" height=\"183\"\/><\/figure>\n\n<\/div><\/div><\/div>\n<\/div><\/div>\n<\/div>\n\n<\/div><\/div>\n\n<div class=\"gb-container gb-container-795a7160\"><div class=\"gb-inside-container\">\n<div class=\"gb-grid-wrapper gb-grid-wrapper-09991ed3\">\n<div class=\"gb-grid-column gb-grid-column-dc171215\"><div class=\"gb-container gb-container-dc171215\"><div class=\"gb-inside-container\">\n\n<figure class=\"wp-block-image size-full is-resized\"><img decoding=\"async\" src=\"https:\/\/cctygroup.com\/wp-content\/uploads\/2018\/05\/P8-1-sway-bar-link42-removed-tnsp-background.jpg\" alt=\"produttore di barre stabilizzatrici\" class=\"wp-image-23056\" width=\"230\" height=\"179\"\/><\/figure>\n\n<\/div><\/div><\/div>\n\n<div class=\"gb-grid-column gb-grid-column-8c0f74fc\"><div class=\"gb-container gb-container-8c0f74fc\"><div class=\"gb-inside-container\">\n\n<figure class=\"wp-block-image size-full is-resized\"><img decoding=\"async\" src=\"https:\/\/cctygroup.com\/wp-content\/uploads\/2019\/11\/Tie-Rod-Linkages-min.png\" alt=\"Tiranti e leveraggi\" class=\"wp-image-24878\" width=\"285\" height=\"118\"\/><\/figure>\n\n<\/div><\/div><\/div>\n\n<div class=\"gb-grid-column gb-grid-column-877f570c\"><div class=\"gb-container gb-container-877f570c\"><div class=\"gb-inside-container\">\n\n<h3 class=\"wp-block-heading\"><span style=\"font-family: verdana, geneva, sans-serif;\">Leveraggi<\/span><\/h3>\n\n\n\n<p><span style=\"font-family: verdana, geneva, sans-serif; font-size: 12pt;\">Gli OEM sanno che possono contare su CCTY Bearing Company per progettare leveraggi idonei per applicazioni esclusive. I nostri tiranti e leveraggi sono impiegati in applicazioni che vanno dagli spazzaneve ai carrelli elevatori, ai rasaerba e alle spazzatrici.&nbsp;<\/span><\/p>\n\n<\/div><\/div><\/div>\n<\/div>\n<\/div><\/div>","protected":false},"excerpt":{"rendered":"<p>Tiranti CCTY Bearing Company I nostri tiranti sono realizzati in acciaio di alta qualit\u00e0; le parti vengono quindi temprate a induzione per fornire prestazioni affidabili. CCTY Bearing Company offre una variet\u00e0 di gruppi interni ed esterni, personalizzati per raggiungere i valori di coppia nominali specificati. Ogni prodotto \u00e8 unico, con un design realizzato per adattarsi &#8230; <\/p>\n<p class=\"read-more-container\"><a title=\"Tiranti e leveraggi\" class=\"read-more button\" href=\"https:\/\/cctygroup.com\/it\/cuscinetti\/tie-rod-manufacturer\/#more-27728\" aria-label=\"Per saperne di pi\u00f9 su Tiranti e leveraggi\">Leggi tutto<\/a><\/p>\n","protected":false},"author":1,"featured_media":23032,"parent":18561,"menu_order":0,"comment_status":"closed","ping_status":"closed","template":"","meta":{"_seopress_robots_primary_cat":"","_seopress_titles_title":"","_seopress_titles_desc":"","_seopress_robots_index":"","footnotes":""},"class_list":{"0":"post-27728","1":"page","2":"type-page","3":"status-publish","4":"has-post-thumbnail","6":"no-featured-image-padding"},"_links":{"self":[{"href":"https:\/\/cctygroup.com\/it\/wp-json\/wp\/v2\/pages\/27728","targetHints":{"allow":["GET"]}}],"collection":[{"href":"https:\/\/cctygroup.com\/it\/wp-json\/wp\/v2\/pages"}],"about":[{"href":"https:\/\/cctygroup.com\/it\/wp-json\/wp\/v2\/types\/page"}],"author":[{"embeddable":true,"href":"https:\/\/cctygroup.com\/it\/wp-json\/wp\/v2\/users\/1"}],"replies":[{"embeddable":true,"href":"https:\/\/cctygroup.com\/it\/wp-json\/wp\/v2\/comments?post=27728"}],"version-history":[{"count":0,"href":"https:\/\/cctygroup.com\/it\/wp-json\/wp\/v2\/pages\/27728\/revisions"}],"up":[{"embeddable":true,"href":"https:\/\/cctygroup.com\/it\/wp-json\/wp\/v2\/pages\/18561"}],"wp:featuredmedia":[{"embeddable":true,"href":"https:\/\/cctygroup.com\/it\/wp-json\/wp\/v2\/media\/23032"}],"wp:attachment":[{"href":"https:\/\/cctygroup.com\/it\/wp-json\/wp\/v2\/media?parent=27728"}],"curies":[{"name":"wp","href":"https:\/\/api.w.org\/{rel}","templated":true}]}}