{"id":27741,"date":"2022-11-21T15:02:18","date_gmt":"2022-11-21T15:02:18","guid":{"rendered":"https:\/\/cctybearing.com\/cuscinetti-per-automotive\/"},"modified":"2022-11-21T15:03:36","modified_gmt":"2022-11-21T15:03:36","slug":"automotive-bearings","status":"publish","type":"page","link":"https:\/\/cctygroup.com\/it\/soluzioni-industriali\/automotive-bearings\/","title":{"rendered":"Cuscinetti per automotive"},"content":{"rendered":"\n<p><\/p>\n\n\n<div class=\"gb-container gb-container-d5b0c258\"><div class=\"gb-inside-container\">\n<div class=\"gb-container gb-container-72fe0929\"><div class=\"gb-inside-container\">\n<div class=\"gb-grid-wrapper gb-grid-wrapper-7fd2d0d7\">\n<div class=\"gb-grid-column gb-grid-column-5192a6ab\"><div class=\"gb-container gb-container-5192a6ab\"><div class=\"gb-inside-container\">\n\n<p><span style=\"font-family: verdana, geneva, sans-serif; font-size: 12pt;\"><span style=\"font-family: verdana, geneva, sans-serif; font-size: 12pt;\"><span style=\"font-family: verdana, geneva, sans-serif; font-size: 12pt;\"><span style=\"font-family: verdana, geneva, sans-serif; font-size: 12pt;\">Gli ingegneri sono costantemente al lavoro per migliorare prestazioni e funzionalit\u00e0. \u00c8 qui che la nostra conoscenza dei cuscinetti per automotive e le capacit\u00e0 di ingegnerizzazione convergono.<\/span><\/span><\/span><\/span><\/p>\n\n\n\n<p><span style=\"font-family: verdana, geneva, sans-serif; font-size: 12pt;\">In quanto&nbsp;<a href=\"https:\/\/cctygroup.com\/it\/perche-essere-grandi-e-importante-2\/\">produttori di cuscinetti<\/a> possiamo fornire numerose opzioni di materiali, trattamenti termici e supporto tecnico per assicurarvi che le prestazioni del cuscinetto siano ottimizzate in base all&#8217;applicazione.<\/span><\/p>\n\n\n\n<div style=\"height:25px\" aria-hidden=\"true\" class=\"wp-block-spacer\"><\/div>\n\n\n\n<h2 class=\"wp-block-heading\">Linea di prodotti di cuscinetti per automotive<\/h2>\n\n\n\n<ul class=\"wp-block-list\"><li><a href=\"https:\/\/cctygroup.com\/it\/automotive-bushings\/\">Boccole per automotive<\/a><\/li><li><a href=\"https:\/\/cctygroup.com\/it\/ball-joints\/\">Giunti a sfera \u2013 Superiori\/Inferiori<\/a><\/li><li><a href=\"https:\/\/cctygroup.com\/belt-tensioner-bushings\/\">Boccola tendicinghia<\/a><\/li><li><a href=\"https:\/\/cctygroup.com\/dual-mass-flywheel-bushings\/\">Boccola per volano bimassa<\/a><\/li><li><a href=\"https:\/\/cctygroup.com\/it\/teste-a-snodo\/\">Teste a snodo<\/a><\/li><li><a href=\"https:\/\/cctygroup.com\/automotive-seat-bushings\/\">Boccole per sedili<\/a><\/li><li><a href=\"https:\/\/cctygroup.com\/bearings-and-bushings-for-shock-absorbers-and-struts\/\">Cuscinetti per ammortizzatori<\/a><\/li><li><a href=\"https:\/\/cctygroup.com\/it\/cuscinetti-sferici\/\">Cuscinetti sferici<\/a><\/li><li><a href=\"https:\/\/cctygroup.com\/it\/giunto-cardanico-a-sfera-quadrata-tm-2\/\">Square Ball Universal Joint\u00ae<\/a><\/li><li><a href=\"https:\/\/cctygroup.com\/it\/tie-rod-manufacturer\/\">Tiranti e gruppi tiranti<\/a><\/li><li><a href=\"https:\/\/cctygroup.com\/torque-converter-bushings\/\">Boccole per convertitore di coppia<\/a><\/li><li><a href=\"https:\/\/cctygroup.com\/wiper-linkage-bushings\/\">Boccole per tergicristallo<\/a><\/li><\/ul>\n\n<\/div><\/div><\/div>\n\n<div class=\"gb-grid-column gb-grid-column-8ee6cb53\"><div class=\"gb-container gb-container-8ee6cb53\"><div class=\"gb-inside-container\">\n\n<figure class=\"wp-block-image size-full\"><img decoding=\"async\" width=\"640\" height=\"423\" src=\"https:\/\/cctygroup.com\/wp-content\/uploads\/2020\/01\/auto-automobile-automotive-car-305070-compressor.jpg\" alt=\"cuscinetti per automotive\" class=\"wp-image-25732\"\/><\/figure>\n\n\n\n<div style=\"height:20px\" aria-hidden=\"true\" class=\"wp-block-spacer\"><\/div>\n\n\n\n<h2 class=\"wp-block-heading\">Caso di studio<\/h2>\n\n\n\n<p><a href=\"https:\/\/cctygroup.com\/wp-content\/uploads\/2022\/08\/Torque-Converter-CO.pdf\">Boccole per convertitori di coppia consegnate in tempi molto stretti<\/a><\/p>\n\n<\/div><\/div><\/div>\n<\/div>\n<\/div><\/div>\n<\/div><\/div>","protected":false},"excerpt":{"rendered":"","protected":false},"author":1,"featured_media":0,"parent":23099,"menu_order":0,"comment_status":"closed","ping_status":"closed","template":"","meta":{"_seopress_robots_primary_cat":"","_seopress_titles_title":"","_seopress_titles_desc":"","_seopress_robots_index":"","footnotes":""},"class_list":{"0":"post-27741","1":"page","2":"type-page","3":"status-publish","5":"no-featured-image-padding"},"_links":{"self":[{"href":"https:\/\/cctygroup.com\/it\/wp-json\/wp\/v2\/pages\/27741","targetHints":{"allow":["GET"]}}],"collection":[{"href":"https:\/\/cctygroup.com\/it\/wp-json\/wp\/v2\/pages"}],"about":[{"href":"https:\/\/cctygroup.com\/it\/wp-json\/wp\/v2\/types\/page"}],"author":[{"embeddable":true,"href":"https:\/\/cctygroup.com\/it\/wp-json\/wp\/v2\/users\/1"}],"replies":[{"embeddable":true,"href":"https:\/\/cctygroup.com\/it\/wp-json\/wp\/v2\/comments?post=27741"}],"version-history":[{"count":0,"href":"https:\/\/cctygroup.com\/it\/wp-json\/wp\/v2\/pages\/27741\/revisions"}],"up":[{"embeddable":true,"href":"https:\/\/cctygroup.com\/it\/wp-json\/wp\/v2\/pages\/23099"}],"wp:attachment":[{"href":"https:\/\/cctygroup.com\/it\/wp-json\/wp\/v2\/media?parent=27741"}],"curies":[{"name":"wp","href":"https:\/\/api.w.org\/{rel}","templated":true}]}}